{"id":747,"date":"2023-11-09T21:36:49","date_gmt":"2023-11-10T00:36:49","guid":{"rendered":"https:\/\/juguetescs.com\/?post_type=product&#038;p=747"},"modified":"2025-10-30T12:56:58","modified_gmt":"2025-10-30T15:56:58","slug":"glitzy-regi-26cm","status":"publish","type":"product","link":"https:\/\/juguetescs.com\/index.php\/product\/glitzy-regi-26cm\/","title":{"rendered":"GLITZY REGI 26CM"},"content":{"rendered":"<p><span data-sheets-value=\"{&quot;1&quot;:2,&quot;2&quot;:&quot;Mu\u00f1eca Super hero\u00edna con luz y sonido (en el Medall\u00f3n).Apagado autom\u00e1tico despu\u00e9s de 10 minutos.\u2022 Mu\u00f1eca 2 en 1: beb\u00e9 y superh\u00e9roes. 26CM DE ALTO. Ropa brillante reversible. Biberon magico . Es articulada. Incluye cepillo, peine y chupete.&quot;}\" data-sheets-userformat=\"{&quot;2&quot;:14851,&quot;3&quot;:{&quot;1&quot;:0},&quot;4&quot;:{&quot;1&quot;:2,&quot;2&quot;:16777215},&quot;12&quot;:0,&quot;14&quot;:{&quot;1&quot;:2,&quot;2&quot;:6710886},&quot;15&quot;:&quot;\\&quot;Proxima Nova\\&quot;, -apple-system, Roboto, Arial, sans-serif&quot;,&quot;16&quot;:12}\">Mu\u00f1eca Super hero\u00edna con luz y sonido (en el Medall\u00f3n).Apagado autom\u00e1tico despu\u00e9s de 10 minutos.\u2022 Mu\u00f1eca 2 en 1: beb\u00e9 y superh\u00e9roes. 26CM DE ALTO. Ropa brillante reversible. Biberon magico . Es articulada. Incluye cepillo, peine y chupete.<\/span><\/p>\n","protected":false},"excerpt":{"rendered":"<p><span data-sheets-value=\"{&quot;1&quot;:2,&quot;2&quot;:&quot;Mu\u00f1eca Super hero\u00edna con luz y sonido (en el Medall\u00f3n).Apagado autom\u00e1tico despu\u00e9s de 10 minutos.\u2022 Mu\u00f1eca 2 en 1: beb\u00e9 y superh\u00e9roes. 26CM DE ALTO. Ropa brillante reversible. Biberon magico . Es articulada. Incluye cepillo, peine y chupete.&quot;}\" data-sheets-userformat=\"{&quot;2&quot;:14851,&quot;3&quot;:{&quot;1&quot;:0},&quot;4&quot;:{&quot;1&quot;:2,&quot;2&quot;:16777215},&quot;12&quot;:0,&quot;14&quot;:{&quot;1&quot;:2,&quot;2&quot;:6710886},&quot;15&quot;:&quot;\\&quot;Proxima Nova\\&quot;, -apple-system, Roboto, Arial, sans-serif&quot;,&quot;16&quot;:12}\">Mu\u00f1eca Super hero\u00edna con luz y sonido (en el Medall\u00f3n).Apagado autom\u00e1tico despu\u00e9s de 10 minutos.\u2022 Mu\u00f1eca 2 en 1: beb\u00e9 y superh\u00e9roes. 26CM DE ALTO. Ropa brillante reversible. Biberon magico . Es articulada. Incluye cepillo, peine y chupete.<\/span><\/p>\n","protected":false},"featured_media":751,"template":"","meta":{"_joinchat":[]},"product_brand":[],"product_cat":[47,32],"product_tag":[],"class_list":{"0":"post-747","1":"product","2":"type-product","3":"status-publish","4":"has-post-thumbnail","6":"product_cat-linea-super-cute","7":"product_cat-juguetes","9":"first","10":"instock","11":"shipping-taxable","12":"purchasable","13":"product-type-simple"},"_links":{"self":[{"href":"https:\/\/juguetescs.com\/index.php\/wp-json\/wp\/v2\/product\/747"}],"collection":[{"href":"https:\/\/juguetescs.com\/index.php\/wp-json\/wp\/v2\/product"}],"about":[{"href":"https:\/\/juguetescs.com\/index.php\/wp-json\/wp\/v2\/types\/product"}],"wp:featuredmedia":[{"embeddable":true,"href":"https:\/\/juguetescs.com\/index.php\/wp-json\/wp\/v2\/media\/751"}],"wp:attachment":[{"href":"https:\/\/juguetescs.com\/index.php\/wp-json\/wp\/v2\/media?parent=747"}],"wp:term":[{"taxonomy":"product_brand","embeddable":true,"href":"https:\/\/juguetescs.com\/index.php\/wp-json\/wp\/v2\/product_brand?post=747"},{"taxonomy":"product_cat","embeddable":true,"href":"https:\/\/juguetescs.com\/index.php\/wp-json\/wp\/v2\/product_cat?post=747"},{"taxonomy":"product_tag","embeddable":true,"href":"https:\/\/juguetescs.com\/index.php\/wp-json\/wp\/v2\/product_tag?post=747"}],"curies":[{"name":"wp","href":"https:\/\/api.w.org\/{rel}","templated":true}]}}