{"id":639,"date":"2023-11-09T18:49:48","date_gmt":"2023-11-09T21:49:48","guid":{"rendered":"https:\/\/juguetescs.com\/?post_type=product&#038;p=639"},"modified":"2026-03-31T15:39:12","modified_gmt":"2026-03-31T18:39:12","slug":"bebe-doctor-con-sonido","status":"publish","type":"product","link":"https:\/\/juguetescs.com\/index.php\/product\/bebe-doctor-con-sonido\/","title":{"rendered":"BEBE DOCTOR CON SONIDO"},"content":{"rendered":"<p><span data-sheets-value=\"{&quot;1&quot;:2,&quot;2&quot;:&quot;Mu\u00f1eca bebote de 44 cms de excelente calidad. Con accesorios de doctor.Estetoscopio con luz y sonido.Term\u00f3metro con im\u00e1genes de diferentes temperaturas. Frasquito de jarabe. Jeringa con sonido cuando hace la inyeccion.Plato con cucharita.Ficha medica.&quot;}\" data-sheets-userformat=\"{&quot;2&quot;:14851,&quot;3&quot;:{&quot;1&quot;:0},&quot;4&quot;:{&quot;1&quot;:2,&quot;2&quot;:16777215},&quot;12&quot;:0,&quot;14&quot;:{&quot;1&quot;:2,&quot;2&quot;:6710886},&quot;15&quot;:&quot;\\&quot;Proxima Nova\\&quot;, -apple-system, Roboto, Arial, sans-serif&quot;,&quot;16&quot;:10}\">Mu\u00f1eca bebote de 44 cms de excelente calidad. Con accesorios de doctor.Estetoscopio con luz y sonido.Term\u00f3metro con im\u00e1genes de diferentes temperaturas. Frasquito de jarabe. Jeringa con sonido cuando hace la inyeccion.Plato con cucharita.Ficha medica.<\/span><\/p>\n","protected":false},"excerpt":{"rendered":"<p><span data-sheets-value=\"{&quot;1&quot;:2,&quot;2&quot;:&quot;Mu\u00f1eca bebote de 44 cms de excelente calidad. Con accesorios de doctor.Estetoscopio con luz y sonido.Term\u00f3metro con im\u00e1genes de diferentes temperaturas. Frasquito de jarabe. Jeringa con sonido cuando hace la inyeccion.Plato con cucharita.Ficha medica.&quot;}\" data-sheets-userformat=\"{&quot;2&quot;:14851,&quot;3&quot;:{&quot;1&quot;:0},&quot;4&quot;:{&quot;1&quot;:2,&quot;2&quot;:16777215},&quot;12&quot;:0,&quot;14&quot;:{&quot;1&quot;:2,&quot;2&quot;:6710886},&quot;15&quot;:&quot;\\&quot;Proxima Nova\\&quot;, -apple-system, Roboto, Arial, sans-serif&quot;,&quot;16&quot;:10}\">Mu\u00f1eca bebote de 44 cms de excelente calidad. Con accesorios de doctor.Estetoscopio con luz y sonido.Term\u00f3metro con im\u00e1genes de diferentes temperaturas. Frasquito de jarabe. Jeringa con sonido cuando hace la inyeccion.Plato con cucharita.Ficha medica.<\/span><\/p>\n","protected":false},"featured_media":1416,"template":"","meta":{"_joinchat":[]},"product_brand":[],"product_cat":[43],"product_tag":[],"class_list":{"0":"post-639","1":"product","2":"type-product","3":"status-publish","4":"has-post-thumbnail","6":"product_cat-munecas-con-mecanismo","8":"first","9":"instock","10":"shipping-taxable","11":"purchasable","12":"product-type-variable"},"_links":{"self":[{"href":"https:\/\/juguetescs.com\/index.php\/wp-json\/wp\/v2\/product\/639"}],"collection":[{"href":"https:\/\/juguetescs.com\/index.php\/wp-json\/wp\/v2\/product"}],"about":[{"href":"https:\/\/juguetescs.com\/index.php\/wp-json\/wp\/v2\/types\/product"}],"wp:featuredmedia":[{"embeddable":true,"href":"https:\/\/juguetescs.com\/index.php\/wp-json\/wp\/v2\/media\/1416"}],"wp:attachment":[{"href":"https:\/\/juguetescs.com\/index.php\/wp-json\/wp\/v2\/media?parent=639"}],"wp:term":[{"taxonomy":"product_brand","embeddable":true,"href":"https:\/\/juguetescs.com\/index.php\/wp-json\/wp\/v2\/product_brand?post=639"},{"taxonomy":"product_cat","embeddable":true,"href":"https:\/\/juguetescs.com\/index.php\/wp-json\/wp\/v2\/product_cat?post=639"},{"taxonomy":"product_tag","embeddable":true,"href":"https:\/\/juguetescs.com\/index.php\/wp-json\/wp\/v2\/product_tag?post=639"}],"curies":[{"name":"wp","href":"https:\/\/api.w.org\/{rel}","templated":true}]}}