{"id":2153,"date":"2024-11-04T03:43:01","date_gmt":"2024-11-04T06:43:01","guid":{"rendered":"https:\/\/juguetescs.com\/?post_type=product&#038;p=2153"},"modified":"2026-03-31T11:48:02","modified_gmt":"2026-03-31T14:48:02","slug":"kiara-y-fran-love-edition-verano","status":"publish","type":"product","link":"https:\/\/juguetescs.com\/index.php\/product\/kiara-y-fran-love-edition-verano\/","title":{"rendered":"KIARA  Y FRAN LOVE EDITION VERANO"},"content":{"rendered":"<p><span data-sheets-root=\"1\">MELLIS KIARA Y FRAN LOVE EDITION VERANO<br \/>\nBebote Real 52cm BeboteS con arruguitas y l\u00edneas de expresi\u00f3n marcadas<br \/>\nIncluye para cada uno: BATITA , GORRITO Y PANTALON CORTO DE ALGODON .Pa\u00f1al de bebe.<br \/>\nPortachupete \/Chupete \/ mamadera\u00a0 y dni de papel. <\/span><\/p>\n","protected":false},"excerpt":{"rendered":"<p>MELLIS KIARA Y FRAN LOVE EDITION VERANO Bebote Real 52cm BeboteS con arruguitas y l\u00edneas de expresi\u00f3n marcadas Incluye para cada uno: BATITA , GORRITO Y PANTALON CORTO DE ALGODON .Pa\u00f1al de bebe. Portachupete \/Chupete \/ mamadera\u00a0 y dni de papel.<\/p>\n","protected":false},"featured_media":2150,"template":"","meta":{"_joinchat":[]},"product_brand":[],"product_cat":[65],"product_tag":[],"class_list":{"0":"post-2153","1":"product","2":"type-product","3":"status-publish","4":"has-post-thumbnail","6":"product_cat-bebotes-reales-mellis","8":"first","9":"instock","10":"shipping-taxable","11":"purchasable","12":"product-type-simple"},"_links":{"self":[{"href":"https:\/\/juguetescs.com\/index.php\/wp-json\/wp\/v2\/product\/2153"}],"collection":[{"href":"https:\/\/juguetescs.com\/index.php\/wp-json\/wp\/v2\/product"}],"about":[{"href":"https:\/\/juguetescs.com\/index.php\/wp-json\/wp\/v2\/types\/product"}],"wp:featuredmedia":[{"embeddable":true,"href":"https:\/\/juguetescs.com\/index.php\/wp-json\/wp\/v2\/media\/2150"}],"wp:attachment":[{"href":"https:\/\/juguetescs.com\/index.php\/wp-json\/wp\/v2\/media?parent=2153"}],"wp:term":[{"taxonomy":"product_brand","embeddable":true,"href":"https:\/\/juguetescs.com\/index.php\/wp-json\/wp\/v2\/product_brand?post=2153"},{"taxonomy":"product_cat","embeddable":true,"href":"https:\/\/juguetescs.com\/index.php\/wp-json\/wp\/v2\/product_cat?post=2153"},{"taxonomy":"product_tag","embeddable":true,"href":"https:\/\/juguetescs.com\/index.php\/wp-json\/wp\/v2\/product_tag?post=2153"}],"curies":[{"name":"wp","href":"https:\/\/api.w.org\/{rel}","templated":true}]}}