{"id":2145,"date":"2024-11-04T03:41:01","date_gmt":"2024-11-04T06:41:01","guid":{"rendered":"https:\/\/juguetescs.com\/?post_type=product&#038;p=2145"},"modified":"2026-03-31T11:46:50","modified_gmt":"2026-03-31T14:46:50","slug":"kiara-fran-love-edition-verano","status":"publish","type":"product","link":"https:\/\/juguetescs.com\/index.php\/product\/kiara-fran-love-edition-verano\/","title":{"rendered":"KIARA\/FRAN LOVE EDITION VERANO"},"content":{"rendered":"<p><span data-sheets-root=\"1\">KIARA \/ FRAN LOVE EDITION VERANO<br \/>\nBebote Real 52cm Bebote con arruguitas y l\u00edneas de expresi\u00f3n marcadas<br \/>\nIncluye : BATITA , GORRITO Y PANTALON CORTO DE ALGODON .Pa\u00f1al de bebe.<br \/>\nPortachupete \/Chupete \/ mamadera y dni de papel. VARIABLE : KIARA LOVE VERANO \/ FRAN LOVE VERANO<\/span><\/p>\n","protected":false},"excerpt":{"rendered":"<p>KIARA \/ FRAN LOVE EDITION VERANO Bebote Real 52cm Bebote con arruguitas y l\u00edneas de expresi\u00f3n marcadas Incluye : BATITA , GORRITO Y PANTALON CORTO DE ALGODON .Pa\u00f1al de bebe. Portachupete \/Chupete \/ mamadera y dni de papel. VARIABLE : KIARA LOVE VERANO \/ FRAN LOVE VERANO<\/p>\n","protected":false},"featured_media":2151,"template":"","meta":{"_joinchat":[]},"product_brand":[],"product_cat":[28],"product_tag":[],"class_list":{"0":"post-2145","1":"product","2":"type-product","3":"status-publish","4":"has-post-thumbnail","6":"product_cat-bebotes-reales-premium-y-kits","8":"first","9":"instock","10":"shipping-taxable","11":"purchasable","12":"product-type-variable"},"_links":{"self":[{"href":"https:\/\/juguetescs.com\/index.php\/wp-json\/wp\/v2\/product\/2145"}],"collection":[{"href":"https:\/\/juguetescs.com\/index.php\/wp-json\/wp\/v2\/product"}],"about":[{"href":"https:\/\/juguetescs.com\/index.php\/wp-json\/wp\/v2\/types\/product"}],"wp:featuredmedia":[{"embeddable":true,"href":"https:\/\/juguetescs.com\/index.php\/wp-json\/wp\/v2\/media\/2151"}],"wp:attachment":[{"href":"https:\/\/juguetescs.com\/index.php\/wp-json\/wp\/v2\/media?parent=2145"}],"wp:term":[{"taxonomy":"product_brand","embeddable":true,"href":"https:\/\/juguetescs.com\/index.php\/wp-json\/wp\/v2\/product_brand?post=2145"},{"taxonomy":"product_cat","embeddable":true,"href":"https:\/\/juguetescs.com\/index.php\/wp-json\/wp\/v2\/product_cat?post=2145"},{"taxonomy":"product_tag","embeddable":true,"href":"https:\/\/juguetescs.com\/index.php\/wp-json\/wp\/v2\/product_tag?post=2145"}],"curies":[{"name":"wp","href":"https:\/\/api.w.org\/{rel}","templated":true}]}}