{"id":2142,"date":"2024-11-04T03:37:45","date_gmt":"2024-11-04T06:37:45","guid":{"rendered":"https:\/\/juguetescs.com\/?post_type=product&#038;p=2142"},"modified":"2026-03-31T12:11:00","modified_gmt":"2026-03-31T15:11:00","slug":"tomasa-bebe-30cm","status":"publish","type":"product","link":"https:\/\/juguetescs.com\/index.php\/product\/tomasa-bebe-30cm\/","title":{"rendered":"TOMASA BEBE 30CM"},"content":{"rendered":"<p><span data-sheets-root=\"1\">TOMASA BEBE<br \/>\nBebote Real 30cm Bebote con arruguitas y l\u00edneas de expresi\u00f3n marcadas<br \/>\n.Incluye : REMERA , GORRITO Y BABERO ALGODON .Pa\u00f1al de bebe de tela y medias.<br \/>\nPortachupete \/Chupete \/ mamadera y dni de papel.<\/span><\/p>\n","protected":false},"excerpt":{"rendered":"<p>TOMASA BEBE Bebote Real 30cm Bebote con arruguitas y l\u00edneas de expresi\u00f3n marcadas .Incluye : REMERA , GORRITO Y BABERO ALGODON .Pa\u00f1al de bebe de tela y medias. Portachupete \/Chupete \/ mamadera y dni de papel.<\/p>\n","protected":false},"featured_media":2408,"template":"","meta":{"_joinchat":[]},"product_brand":[],"product_cat":[28],"product_tag":[],"class_list":{"0":"post-2142","1":"product","2":"type-product","3":"status-publish","4":"has-post-thumbnail","6":"product_cat-bebotes-reales-premium-y-kits","8":"first","9":"instock","10":"shipping-taxable","11":"purchasable","12":"product-type-simple"},"_links":{"self":[{"href":"https:\/\/juguetescs.com\/index.php\/wp-json\/wp\/v2\/product\/2142"}],"collection":[{"href":"https:\/\/juguetescs.com\/index.php\/wp-json\/wp\/v2\/product"}],"about":[{"href":"https:\/\/juguetescs.com\/index.php\/wp-json\/wp\/v2\/types\/product"}],"wp:featuredmedia":[{"embeddable":true,"href":"https:\/\/juguetescs.com\/index.php\/wp-json\/wp\/v2\/media\/2408"}],"wp:attachment":[{"href":"https:\/\/juguetescs.com\/index.php\/wp-json\/wp\/v2\/media?parent=2142"}],"wp:term":[{"taxonomy":"product_brand","embeddable":true,"href":"https:\/\/juguetescs.com\/index.php\/wp-json\/wp\/v2\/product_brand?post=2142"},{"taxonomy":"product_cat","embeddable":true,"href":"https:\/\/juguetescs.com\/index.php\/wp-json\/wp\/v2\/product_cat?post=2142"},{"taxonomy":"product_tag","embeddable":true,"href":"https:\/\/juguetescs.com\/index.php\/wp-json\/wp\/v2\/product_tag?post=2142"}],"curies":[{"name":"wp","href":"https:\/\/api.w.org\/{rel}","templated":true}]}}