{"id":2139,"date":"2024-11-04T03:35:38","date_gmt":"2024-11-04T06:35:38","guid":{"rendered":"https:\/\/juguetescs.com\/?post_type=product&#038;p=2139"},"modified":"2026-03-31T12:12:40","modified_gmt":"2026-03-31T15:12:40","slug":"juli-bebe-36cm","status":"publish","type":"product","link":"https:\/\/juguetescs.com\/index.php\/product\/juli-bebe-36cm\/","title":{"rendered":"JULI BEBE 36CM"},"content":{"rendered":"<p><span data-sheets-root=\"1\">JULI BEBE<br \/>\nBebote Real 36cm Bebote con arruguitas y l\u00edneas de expresi\u00f3n marcadas<br \/>\n.Incluye : REMERA , GORRITO Y BABERO ALGODON .Pa\u00f1al de bebe de tela y medias.<br \/>\nPortachupete \/Chupete \/ mamadera y dni de papel.<\/span><\/p>\n","protected":false},"excerpt":{"rendered":"<p>JULI BEBE Bebote Real 36cm Bebote con arruguitas y l\u00edneas de expresi\u00f3n marcadas .Incluye : REMERA , GORRITO Y BABERO ALGODON .Pa\u00f1al de bebe de tela y medias. Portachupete \/Chupete \/ mamadera y dni de papel.<\/p>\n","protected":false},"featured_media":2410,"template":"","meta":{"_joinchat":[]},"product_brand":[],"product_cat":[28],"product_tag":[],"class_list":{"0":"post-2139","1":"product","2":"type-product","3":"status-publish","4":"has-post-thumbnail","6":"product_cat-bebotes-reales-premium-y-kits","8":"first","9":"instock","10":"shipping-taxable","11":"purchasable","12":"product-type-simple"},"_links":{"self":[{"href":"https:\/\/juguetescs.com\/index.php\/wp-json\/wp\/v2\/product\/2139"}],"collection":[{"href":"https:\/\/juguetescs.com\/index.php\/wp-json\/wp\/v2\/product"}],"about":[{"href":"https:\/\/juguetescs.com\/index.php\/wp-json\/wp\/v2\/types\/product"}],"wp:featuredmedia":[{"embeddable":true,"href":"https:\/\/juguetescs.com\/index.php\/wp-json\/wp\/v2\/media\/2410"}],"wp:attachment":[{"href":"https:\/\/juguetescs.com\/index.php\/wp-json\/wp\/v2\/media?parent=2139"}],"wp:term":[{"taxonomy":"product_brand","embeddable":true,"href":"https:\/\/juguetescs.com\/index.php\/wp-json\/wp\/v2\/product_brand?post=2139"},{"taxonomy":"product_cat","embeddable":true,"href":"https:\/\/juguetescs.com\/index.php\/wp-json\/wp\/v2\/product_cat?post=2139"},{"taxonomy":"product_tag","embeddable":true,"href":"https:\/\/juguetescs.com\/index.php\/wp-json\/wp\/v2\/product_tag?post=2139"}],"curies":[{"name":"wp","href":"https:\/\/api.w.org\/{rel}","templated":true}]}}