{"id":2042,"date":"2024-08-01T16:04:13","date_gmt":"2024-08-01T19:04:13","guid":{"rendered":"https:\/\/juguetescs.com\/?post_type=product&#038;p=2042"},"modified":"2025-10-27T12:24:04","modified_gmt":"2025-10-27T15:24:04","slug":"loro-lolo-repetidor","status":"publish","type":"product","link":"https:\/\/juguetescs.com\/index.php\/product\/loro-lolo-repetidor\/","title":{"rendered":"LORO LOLO REPETIDOR"},"content":{"rendered":"<p>LORO LOLO PARLANTE, el compa\u00f1ero interactivo que har\u00e1 las delicias de los m\u00e1s peque\u00f1os! Este simp\u00e1tico loro repite todo lo que dices en cualquier idioma, a\u00f1adiendo un toque de diversi\u00f3n y aprendizaje a cada conversaci\u00f3n. Su superficie de felpa suave y su interior de material de algod\u00f3n garantizan un tacto agradable y seguro para los ni\u00f1os. El Loro Parlante no solo repite tus palabras, sino que tambi\u00e9n mueve sus alas, haciendo la interacci\u00f3n a\u00fan m\u00e1s realista y divertida. 1 loro que habla con base (utiliza 3 pilas AAA, no incluidas). Edad de uso: a partir de 4 a\u00f1os. Medidas: 22cm x 15cm (alto x ancho).<\/p>\n","protected":false},"excerpt":{"rendered":"<p>LORO LOLO PARLANTE, el compa\u00f1ero interactivo que har\u00e1 las delicias de los m\u00e1s peque\u00f1os! Este simp\u00e1tico loro repite todo lo que dices en cualquier idioma, a\u00f1adiendo un toque de diversi\u00f3n y aprendizaje a cada conversaci\u00f3n. Su superficie de felpa suave y su interior de material de algod\u00f3n garantizan un tacto agradable y seguro para los [&hellip;]<\/p>\n","protected":false},"featured_media":2044,"template":"","meta":{"_joinchat":[]},"product_brand":[],"product_cat":[48],"product_tag":[],"class_list":{"0":"post-2042","1":"product","2":"type-product","3":"status-publish","4":"has-post-thumbnail","6":"product_cat-novedades-2026","8":"first","9":"instock","10":"shipping-taxable","11":"purchasable","12":"product-type-simple"},"_links":{"self":[{"href":"https:\/\/juguetescs.com\/index.php\/wp-json\/wp\/v2\/product\/2042"}],"collection":[{"href":"https:\/\/juguetescs.com\/index.php\/wp-json\/wp\/v2\/product"}],"about":[{"href":"https:\/\/juguetescs.com\/index.php\/wp-json\/wp\/v2\/types\/product"}],"wp:featuredmedia":[{"embeddable":true,"href":"https:\/\/juguetescs.com\/index.php\/wp-json\/wp\/v2\/media\/2044"}],"wp:attachment":[{"href":"https:\/\/juguetescs.com\/index.php\/wp-json\/wp\/v2\/media?parent=2042"}],"wp:term":[{"taxonomy":"product_brand","embeddable":true,"href":"https:\/\/juguetescs.com\/index.php\/wp-json\/wp\/v2\/product_brand?post=2042"},{"taxonomy":"product_cat","embeddable":true,"href":"https:\/\/juguetescs.com\/index.php\/wp-json\/wp\/v2\/product_cat?post=2042"},{"taxonomy":"product_tag","embeddable":true,"href":"https:\/\/juguetescs.com\/index.php\/wp-json\/wp\/v2\/product_tag?post=2042"}],"curies":[{"name":"wp","href":"https:\/\/api.w.org\/{rel}","templated":true}]}}