{"id":2029,"date":"2024-08-01T16:01:32","date_gmt":"2024-08-01T19:01:32","guid":{"rendered":"https:\/\/juguetescs.com\/?post_type=product&#038;p=2029"},"modified":"2025-10-27T12:31:28","modified_gmt":"2025-10-27T15:31:28","slug":"curlimals-mascotas","status":"publish","type":"product","link":"https:\/\/juguetescs.com\/index.php\/product\/curlimals-mascotas\/","title":{"rendered":"CURLIMALS MASCOTAS"},"content":{"rendered":"<p>Estos encantadores compa\u00f1eros est\u00e1n listos para entablar una amistad con sus voces amorosas y su personalidad \u00fanica. Con m\u00e1s de 45 efectos de sonido, cada Curlimal responde con alegr\u00eda cuando se les acaricia la cabeza, se les toca la nariz o se les hace cosquillas en la barriga. \u00a1Disfrutar del tiempo con ellos nunca ha sido tan divertido! Disponibles en dos modelos, Conejo y Erizo, \u00a1elige tu favorito o colecciona ambos para duplicar la diversi\u00f3n! Estos adorables compa\u00f1eros son el complemento perfecto para el hogar. VARIABLE : CONEJO ROSA \/ ERIZO LILA<\/p>\n","protected":false},"excerpt":{"rendered":"<p>Estos encantadores compa\u00f1eros est\u00e1n listos para entablar una amistad con sus voces amorosas y su personalidad \u00fanica. Con m\u00e1s de 45 efectos de sonido, cada Curlimal responde con alegr\u00eda cuando se les acaricia la cabeza, se les toca la nariz o se les hace cosquillas en la barriga. \u00a1Disfrutar del tiempo con ellos nunca ha [&hellip;]<\/p>\n","protected":false},"featured_media":2036,"template":"","meta":{"_joinchat":[]},"product_brand":[],"product_cat":[48],"product_tag":[],"class_list":{"0":"post-2029","1":"product","2":"type-product","3":"status-publish","4":"has-post-thumbnail","6":"product_cat-novedades-2026","8":"first","9":"instock","10":"shipping-taxable","11":"purchasable","12":"product-type-variable"},"_links":{"self":[{"href":"https:\/\/juguetescs.com\/index.php\/wp-json\/wp\/v2\/product\/2029"}],"collection":[{"href":"https:\/\/juguetescs.com\/index.php\/wp-json\/wp\/v2\/product"}],"about":[{"href":"https:\/\/juguetescs.com\/index.php\/wp-json\/wp\/v2\/types\/product"}],"wp:featuredmedia":[{"embeddable":true,"href":"https:\/\/juguetescs.com\/index.php\/wp-json\/wp\/v2\/media\/2036"}],"wp:attachment":[{"href":"https:\/\/juguetescs.com\/index.php\/wp-json\/wp\/v2\/media?parent=2029"}],"wp:term":[{"taxonomy":"product_brand","embeddable":true,"href":"https:\/\/juguetescs.com\/index.php\/wp-json\/wp\/v2\/product_brand?post=2029"},{"taxonomy":"product_cat","embeddable":true,"href":"https:\/\/juguetescs.com\/index.php\/wp-json\/wp\/v2\/product_cat?post=2029"},{"taxonomy":"product_tag","embeddable":true,"href":"https:\/\/juguetescs.com\/index.php\/wp-json\/wp\/v2\/product_tag?post=2029"}],"curies":[{"name":"wp","href":"https:\/\/api.w.org\/{rel}","templated":true}]}}