{"id":2026,"date":"2024-08-01T15:59:07","date_gmt":"2024-08-01T18:59:07","guid":{"rendered":"https:\/\/juguetescs.com\/?post_type=product&#038;p=2026"},"modified":"2026-03-31T12:39:53","modified_gmt":"2026-03-31T15:39:53","slug":"cochecito-con-luces-led","status":"publish","type":"product","link":"https:\/\/juguetescs.com\/index.php\/product\/cochecito-con-luces-led\/","title":{"rendered":"COCHECITO CON LUCES LED"},"content":{"rendered":"<p>Este cochecito para mu\u00f1ecas es la elecci\u00f3n ideal para ni\u00f1as a partir de 3 a\u00f1os que aman llevar a sus mu\u00f1ecas a pasear. Con una resistente estructura met\u00e1lica y pl\u00e1stica y ruedas dobles reforzadas, este cochecito garantiza durabilidad y diversi\u00f3n en cada paseo. Su dise\u00f1o plegable y ligero facilita su transporte y almacenamiento. Con una altura total de 45 cm y un ancho de 25 cm. Tambi\u00e9n cuenta con luces LED incorporadas.<\/p>\n","protected":false},"excerpt":{"rendered":"<p>Este cochecito para mu\u00f1ecas es la elecci\u00f3n ideal para ni\u00f1as a partir de 3 a\u00f1os que aman llevar a sus mu\u00f1ecas a pasear. Con una resistente estructura met\u00e1lica y pl\u00e1stica y ruedas dobles reforzadas, este cochecito garantiza durabilidad y diversi\u00f3n en cada paseo. Su dise\u00f1o plegable y ligero facilita su transporte y almacenamiento. Con una [&hellip;]<\/p>\n","protected":false},"featured_media":2028,"template":"","meta":{"_joinchat":[]},"product_brand":[],"product_cat":[30],"product_tag":[],"class_list":{"0":"post-2026","1":"product","2":"type-product","3":"status-publish","4":"has-post-thumbnail","6":"product_cat-accesorios-para-bebotes-y-munecas","8":"first","9":"instock","10":"shipping-taxable","11":"purchasable","12":"product-type-simple"},"_links":{"self":[{"href":"https:\/\/juguetescs.com\/index.php\/wp-json\/wp\/v2\/product\/2026"}],"collection":[{"href":"https:\/\/juguetescs.com\/index.php\/wp-json\/wp\/v2\/product"}],"about":[{"href":"https:\/\/juguetescs.com\/index.php\/wp-json\/wp\/v2\/types\/product"}],"wp:featuredmedia":[{"embeddable":true,"href":"https:\/\/juguetescs.com\/index.php\/wp-json\/wp\/v2\/media\/2028"}],"wp:attachment":[{"href":"https:\/\/juguetescs.com\/index.php\/wp-json\/wp\/v2\/media?parent=2026"}],"wp:term":[{"taxonomy":"product_brand","embeddable":true,"href":"https:\/\/juguetescs.com\/index.php\/wp-json\/wp\/v2\/product_brand?post=2026"},{"taxonomy":"product_cat","embeddable":true,"href":"https:\/\/juguetescs.com\/index.php\/wp-json\/wp\/v2\/product_cat?post=2026"},{"taxonomy":"product_tag","embeddable":true,"href":"https:\/\/juguetescs.com\/index.php\/wp-json\/wp\/v2\/product_tag?post=2026"}],"curies":[{"name":"wp","href":"https:\/\/api.w.org\/{rel}","templated":true}]}}