{"id":1944,"date":"2024-07-28T19:56:02","date_gmt":"2024-07-28T22:56:02","guid":{"rendered":"https:\/\/juguetescs.com\/?post_type=product&#038;p=1944"},"modified":"2026-03-31T12:49:02","modified_gmt":"2026-03-31T15:49:02","slug":"munecos-de-la-seleccion-argentina","status":"publish","type":"product","link":"https:\/\/juguetescs.com\/index.php\/product\/munecos-de-la-seleccion-argentina\/","title":{"rendered":"MU\u00d1ECOS DE LA SELECCION ARGENTINA"},"content":{"rendered":"<p>Los mu\u00f1ecos Soft Afa de LA SELECCION NACIONAL de la marca New Toys es el regalo perfecto para los fan\u00e1ticos del f\u00fatbol. Con su dise\u00f1o detallado y su tama\u00f1o de 35cm aprox, este mu\u00f1eco es ideal para jugar y coleccionar. Recomendado para ni\u00f1os de 3 a 7 a\u00f1os, este mu\u00f1eco es seguro y divertido. Aprovecha esta oportunidad de tener a tu jugador favorito en casa con el mu\u00f1eco Incluye un cambio de ropa adicional. VARIABLE: MESSI \/ DIBU \/ JULIAN \/ DI MARIA<\/p>\n","protected":false},"excerpt":{"rendered":"<p>Los mu\u00f1ecos Soft Afa de LA SELECCION NACIONAL de la marca New Toys es el regalo perfecto para los fan\u00e1ticos del f\u00fatbol. Con su dise\u00f1o detallado y su tama\u00f1o de 35cm aprox, este mu\u00f1eco es ideal para jugar y coleccionar. Recomendado para ni\u00f1os de 3 a 7 a\u00f1os, este mu\u00f1eco es seguro y divertido. Aprovecha [&hellip;]<\/p>\n","protected":false},"featured_media":1947,"template":"","meta":{"_joinchat":[]},"product_brand":[],"product_cat":[48],"product_tag":[],"class_list":{"0":"post-1944","1":"product","2":"type-product","3":"status-publish","4":"has-post-thumbnail","6":"product_cat-novedades-2026","8":"first","9":"instock","10":"shipping-taxable","11":"purchasable","12":"product-type-variable"},"_links":{"self":[{"href":"https:\/\/juguetescs.com\/index.php\/wp-json\/wp\/v2\/product\/1944"}],"collection":[{"href":"https:\/\/juguetescs.com\/index.php\/wp-json\/wp\/v2\/product"}],"about":[{"href":"https:\/\/juguetescs.com\/index.php\/wp-json\/wp\/v2\/types\/product"}],"wp:featuredmedia":[{"embeddable":true,"href":"https:\/\/juguetescs.com\/index.php\/wp-json\/wp\/v2\/media\/1947"}],"wp:attachment":[{"href":"https:\/\/juguetescs.com\/index.php\/wp-json\/wp\/v2\/media?parent=1944"}],"wp:term":[{"taxonomy":"product_brand","embeddable":true,"href":"https:\/\/juguetescs.com\/index.php\/wp-json\/wp\/v2\/product_brand?post=1944"},{"taxonomy":"product_cat","embeddable":true,"href":"https:\/\/juguetescs.com\/index.php\/wp-json\/wp\/v2\/product_cat?post=1944"},{"taxonomy":"product_tag","embeddable":true,"href":"https:\/\/juguetescs.com\/index.php\/wp-json\/wp\/v2\/product_tag?post=1944"}],"curies":[{"name":"wp","href":"https:\/\/api.w.org\/{rel}","templated":true}]}}