{"id":1936,"date":"2024-07-28T19:48:17","date_gmt":"2024-07-28T22:48:17","guid":{"rendered":"https:\/\/juguetescs.com\/?post_type=product&#038;p=1936"},"modified":"2026-03-31T12:53:25","modified_gmt":"2026-03-31T15:53:25","slug":"laberinto-bolitas","status":"publish","type":"product","link":"https:\/\/juguetescs.com\/index.php\/product\/laberinto-bolitas\/","title":{"rendered":"LABERINTO BOLITAS"},"content":{"rendered":"<p>Explora la diversi\u00f3n educativa con nuestro Laberinto de Bolitas de 50 piezas. Dise\u00f1ado para desafiar la mente y mejorar la coordinaci\u00f3n, este juguete colorido y emocionante brinda horas de aprendizaje creativo. Con la gemera incluida, hacer que las bolitas naveguen por el laberinto es una experiencia entretenida. Estimula el crecimiento y la diversi\u00f3n con este juego instructivo.<\/p>\n","protected":false},"excerpt":{"rendered":"<p>Explora la diversi\u00f3n educativa con nuestro Laberinto de Bolitas de 50 piezas. Dise\u00f1ado para desafiar la mente y mejorar la coordinaci\u00f3n, este juguete colorido y emocionante brinda horas de aprendizaje creativo. Con la gemera incluida, hacer que las bolitas naveguen por el laberinto es una experiencia entretenida. Estimula el crecimiento y la diversi\u00f3n con este [&hellip;]<\/p>\n","protected":false},"featured_media":1992,"template":"","meta":{"_joinchat":[]},"product_brand":[],"product_cat":[48],"product_tag":[],"class_list":{"0":"post-1936","1":"product","2":"type-product","3":"status-publish","4":"has-post-thumbnail","6":"product_cat-novedades-2026","8":"first","9":"instock","10":"shipping-taxable","11":"purchasable","12":"product-type-simple"},"_links":{"self":[{"href":"https:\/\/juguetescs.com\/index.php\/wp-json\/wp\/v2\/product\/1936"}],"collection":[{"href":"https:\/\/juguetescs.com\/index.php\/wp-json\/wp\/v2\/product"}],"about":[{"href":"https:\/\/juguetescs.com\/index.php\/wp-json\/wp\/v2\/types\/product"}],"wp:featuredmedia":[{"embeddable":true,"href":"https:\/\/juguetescs.com\/index.php\/wp-json\/wp\/v2\/media\/1992"}],"wp:attachment":[{"href":"https:\/\/juguetescs.com\/index.php\/wp-json\/wp\/v2\/media?parent=1936"}],"wp:term":[{"taxonomy":"product_brand","embeddable":true,"href":"https:\/\/juguetescs.com\/index.php\/wp-json\/wp\/v2\/product_brand?post=1936"},{"taxonomy":"product_cat","embeddable":true,"href":"https:\/\/juguetescs.com\/index.php\/wp-json\/wp\/v2\/product_cat?post=1936"},{"taxonomy":"product_tag","embeddable":true,"href":"https:\/\/juguetescs.com\/index.php\/wp-json\/wp\/v2\/product_tag?post=1936"}],"curies":[{"name":"wp","href":"https:\/\/api.w.org\/{rel}","templated":true}]}}