{"id":36,"date":"2023-10-22T18:16:41","date_gmt":"2023-10-22T21:16:41","guid":{"rendered":"http:\/\/juguetescs.com\/?page_id=36"},"modified":"2023-11-18T18:20:21","modified_gmt":"2023-11-18T21:20:21","slug":"ofertas","status":"publish","type":"page","link":"https:\/\/juguetescs.com\/index.php\/ofertas\/","title":{"rendered":"\u00a1OFERTAS!"},"content":{"rendered":"\t\t<div data-elementor-type=\"wp-page\" data-elementor-id=\"36\" class=\"elementor elementor-36\" data-elementor-post-type=\"page\">\n\t\t\t\t<div class=\"elementor-element elementor-element-c1f09be e-con-full e-flex e-con e-parent\" data-id=\"c1f09be\" data-element_type=\"container\" data-e-type=\"container\">\n\t\t\t\t<div class=\"elementor-element elementor-element-61da809 elementor-widget elementor-widget-image\" data-id=\"61da809\" data-element_type=\"widget\" data-e-type=\"widget\" data-widget_type=\"image.default\">\n\t\t\t\t<div class=\"elementor-widget-container\">\n\t\t\t\t\t\t\t\t\t\t\t\t\t\t\t<img fetchpriority=\"high\" decoding=\"async\" width=\"1500\" height=\"500\" src=\"https:\/\/juguetescs.com\/wp-content\/uploads\/2023\/11\/ofertas.jpg\" class=\"attachment-full size-full wp-image-1352\" alt=\"\" srcset=\"https:\/\/juguetescs.com\/wp-content\/uploads\/2023\/11\/ofertas.jpg 1500w, https:\/\/juguetescs.com\/wp-content\/uploads\/2023\/11\/ofertas-300x100.jpg 300w, https:\/\/juguetescs.com\/wp-content\/uploads\/2023\/11\/ofertas-1024x341.jpg 1024w, https:\/\/juguetescs.com\/wp-content\/uploads\/2023\/11\/ofertas-768x256.jpg 768w, https:\/\/juguetescs.com\/wp-content\/uploads\/2023\/11\/ofertas-600x200.jpg 600w\" sizes=\"(max-width: 1500px) 100vw, 1500px\" \/>\t\t\t\t\t\t\t\t\t\t\t\t\t\t\t<\/div>\n\t\t\t\t<\/div>\n\t\t\t\t<\/div>\n\t\t<div class=\"elementor-element elementor-element-0bc5530 elementor-hidden-desktop elementor-hidden-tablet elementor-hidden-mobile e-flex e-con-boxed e-con e-parent\" data-id=\"0bc5530\" data-element_type=\"container\" data-e-type=\"container\" data-settings=\"{&quot;background_background&quot;:&quot;classic&quot;}\">\n\t\t\t\t\t<div class=\"e-con-inner\">\n\t\t<div class=\"elementor-element elementor-element-ea293a1 e-con-full e-flex e-con e-child\" data-id=\"ea293a1\" data-element_type=\"container\" data-e-type=\"container\">\n\t\t\t\t<div class=\"elementor-element elementor-element-1c2407f elementor-align-justify elementor-widget elementor-widget-button\" data-id=\"1c2407f\" data-element_type=\"widget\" data-e-type=\"widget\" data-widget_type=\"button.default\">\n\t\t\t\t<div class=\"elementor-widget-container\">\n\t\t\t\t\t\t\t\t\t<div class=\"elementor-button-wrapper\">\n\t\t\t\t\t<a class=\"elementor-button elementor-button-link elementor-size-sm\" href=\"#\">\n\t\t\t\t\t\t<span class=\"elementor-button-content-wrapper\">\n\t\t\t\t\t\t\t\t\t<span class=\"elementor-button-text\">Haz clic aqu\u00ed<\/span>\n\t\t\t\t\t<\/span>\n\t\t\t\t\t<\/a>\n\t\t\t\t<\/div>\n\t\t\t\t\t\t\t\t<\/div>\n\t\t\t\t<\/div>\n\t\t\t\t<\/div>\n\t\t<div class=\"elementor-element elementor-element-e29bf02 e-con-full e-flex e-con e-child\" data-id=\"e29bf02\" data-element_type=\"container\" data-e-type=\"container\">\n\t\t\t\t<div class=\"elementor-element elementor-element-68eaf32 elementor-align-justify elementor-widget elementor-widget-button\" data-id=\"68eaf32\" data-element_type=\"widget\" data-e-type=\"widget\" data-widget_type=\"button.default\">\n\t\t\t\t<div class=\"elementor-widget-container\">\n\t\t\t\t\t\t\t\t\t<div class=\"elementor-button-wrapper\">\n\t\t\t\t\t<a class=\"elementor-button elementor-button-link elementor-size-sm\" href=\"#\">\n\t\t\t\t\t\t<span class=\"elementor-button-content-wrapper\">\n\t\t\t\t\t\t\t\t\t<span class=\"elementor-button-text\">Haz clic aqu\u00ed<\/span>\n\t\t\t\t\t<\/span>\n\t\t\t\t\t<\/a>\n\t\t\t\t<\/div>\n\t\t\t\t\t\t\t\t<\/div>\n\t\t\t\t<\/div>\n\t\t\t\t<\/div>\n\t\t<div class=\"elementor-element elementor-element-e1e69cd e-con-full e-flex e-con e-child\" data-id=\"e1e69cd\" data-element_type=\"container\" data-e-type=\"container\">\n\t\t\t\t<div class=\"elementor-element elementor-element-ef00c8c elementor-align-justify elementor-widget elementor-widget-button\" data-id=\"ef00c8c\" data-element_type=\"widget\" data-e-type=\"widget\" data-widget_type=\"button.default\">\n\t\t\t\t<div class=\"elementor-widget-container\">\n\t\t\t\t\t\t\t\t\t<div class=\"elementor-button-wrapper\">\n\t\t\t\t\t<a class=\"elementor-button elementor-button-link elementor-size-sm\" href=\"#\">\n\t\t\t\t\t\t<span class=\"elementor-button-content-wrapper\">\n\t\t\t\t\t\t\t\t\t<span class=\"elementor-button-text\">Haz clic aqu\u00ed<\/span>\n\t\t\t\t\t<\/span>\n\t\t\t\t\t<\/a>\n\t\t\t\t<\/div>\n\t\t\t\t\t\t\t\t<\/div>\n\t\t\t\t<\/div>\n\t\t\t\t<\/div>\n\t\t<div class=\"elementor-element elementor-element-ecd5a7c e-con-full e-flex e-con e-child\" data-id=\"ecd5a7c\" data-element_type=\"container\" data-e-type=\"container\">\n\t\t\t\t<div class=\"elementor-element elementor-element-a3cc3b4 elementor-align-justify elementor-widget elementor-widget-button\" data-id=\"a3cc3b4\" data-element_type=\"widget\" data-e-type=\"widget\" data-widget_type=\"button.default\">\n\t\t\t\t<div class=\"elementor-widget-container\">\n\t\t\t\t\t\t\t\t\t<div class=\"elementor-button-wrapper\">\n\t\t\t\t\t<a class=\"elementor-button elementor-button-link elementor-size-sm\" href=\"#\">\n\t\t\t\t\t\t<span class=\"elementor-button-content-wrapper\">\n\t\t\t\t\t\t\t\t\t<span class=\"elementor-button-text\">Haz clic aqu\u00ed<\/span>\n\t\t\t\t\t<\/span>\n\t\t\t\t\t<\/a>\n\t\t\t\t<\/div>\n\t\t\t\t\t\t\t\t<\/div>\n\t\t\t\t<\/div>\n\t\t\t\t<\/div>\n\t\t\t\t\t<\/div>\n\t\t\t\t<\/div>\n\t\t<div class=\"elementor-element elementor-element-e367955 e-flex e-con-boxed e-con e-parent\" data-id=\"e367955\" data-element_type=\"container\" data-e-type=\"container\" data-settings=\"{&quot;background_background&quot;:&quot;classic&quot;}\">\n\t\t\t\t\t<div class=\"e-con-inner\">\n\t\t\t\t<div class=\"elementor-element elementor-element-e3f90ec elementor-product-loop-item--align-center elementor-grid-4 elementor-grid-tablet-3 elementor-grid-mobile-2 elementor-products-grid elementor-wc-products elementor-widget elementor-widget-woocommerce-products\" data-id=\"e3f90ec\" data-element_type=\"widget\" data-e-type=\"widget\" data-widget_type=\"woocommerce-products.default\">\n\t\t\t\t<div class=\"elementor-widget-container\">\n\t\t\t\t\t<div class=\"woocommerce columns-4 \"><ul class=\"products elementor-grid columns-4\">\n<li class=\"product type-product post-1527 status-publish first instock product_cat-bebotes-reales product_cat-oferta has-post-thumbnail shipping-taxable purchasable product-type-simple\">\n\t<a href=\"https:\/\/juguetescs.com\/index.php\/product\/combo-loli-silla-20cm\/\" class=\"woocommerce-LoopProduct-link woocommerce-loop-product__link\"><img decoding=\"async\" width=\"300\" height=\"300\" src=\"https:\/\/juguetescs.com\/wp-content\/uploads\/2023\/12\/Imagen-de-WhatsApp-2023-12-01-a-las-21.25.58_a1e52ffd-300x300.jpg\" class=\"attachment-woocommerce_thumbnail size-woocommerce_thumbnail\" alt=\"COMBO LOLI + SILLA 20cm\" srcset=\"https:\/\/juguetescs.com\/wp-content\/uploads\/2023\/12\/Imagen-de-WhatsApp-2023-12-01-a-las-21.25.58_a1e52ffd-300x300.jpg 300w, https:\/\/juguetescs.com\/wp-content\/uploads\/2023\/12\/Imagen-de-WhatsApp-2023-12-01-a-las-21.25.58_a1e52ffd-150x150.jpg 150w, https:\/\/juguetescs.com\/wp-content\/uploads\/2023\/12\/Imagen-de-WhatsApp-2023-12-01-a-las-21.25.58_a1e52ffd-100x100.jpg 100w\" sizes=\"(max-width: 300px) 100vw, 300px\" \/><h2 class=\"woocommerce-loop-product__title\">COMBO LOLI + SILLA 20cm<\/h2>\n\t<span class=\"price\"><span class=\"woocommerce-Price-amount amount\"><bdi><span class=\"woocommerce-Price-currencySymbol\">&#36;<\/span>&nbsp;29.590,00<\/bdi><\/span><\/span>\n<\/a><div class=\"woocommerce-loop-product__buttons\"><a href=\"?add-to-cart=1527\" aria-describedby=\"woocommerce_loop_add_to_cart_link_describedby_1527\" data-quantity=\"1\" class=\"button product_type_simple add_to_cart_button ajax_add_to_cart\" data-product_id=\"1527\" data-product_sku=\"\" aria-label=\"A\u00f1adir al carrito: &ldquo;COMBO LOLI + SILLA 20cm&rdquo;\" rel=\"nofollow\" data-success_message=\"\u00abCOMBO LOLI + SILLA 20cm\u00bb se ha a\u00f1adido a tu carrito\">A\u00f1adir al carrito<\/a><\/div>\t<span id=\"woocommerce_loop_add_to_cart_link_describedby_1527\" class=\"screen-reader-text\">\n\t\t\t<\/span>\n<\/li>\n<li class=\"product type-product post-378 status-publish instock product_cat-bebotes-reales product_cat-grandes-50cm product_cat-juguetes product_cat-oferta has-post-thumbnail shipping-taxable purchasable product-type-variable\">\n\t<a href=\"https:\/\/juguetescs.com\/index.php\/product\/alexia-morena-promo\/\" class=\"woocommerce-LoopProduct-link woocommerce-loop-product__link\"><img decoding=\"async\" width=\"300\" height=\"300\" src=\"https:\/\/juguetescs.com\/wp-content\/uploads\/2023\/11\/alexia-morena-48cm-300x300.jpeg\" class=\"attachment-woocommerce_thumbnail size-woocommerce_thumbnail\" alt=\"ALEXIA MORENA PROMO\" srcset=\"https:\/\/juguetescs.com\/wp-content\/uploads\/2023\/11\/alexia-morena-48cm-300x300.jpeg 300w, https:\/\/juguetescs.com\/wp-content\/uploads\/2023\/11\/alexia-morena-48cm-150x150.jpeg 150w, https:\/\/juguetescs.com\/wp-content\/uploads\/2023\/11\/alexia-morena-48cm-100x100.jpeg 100w\" sizes=\"(max-width: 300px) 100vw, 300px\" \/><h2 class=\"woocommerce-loop-product__title\">ALEXIA MORENA PROMO<\/h2>\n\t<span class=\"price\"><span class=\"woocommerce-Price-amount amount\"><bdi><span class=\"woocommerce-Price-currencySymbol\">&#36;<\/span>&nbsp;54.690,00<\/bdi><\/span><\/span>\n<\/a><div class=\"woocommerce-loop-product__buttons\"><a href=\"https:\/\/juguetescs.com\/index.php\/product\/alexia-morena-promo\/\" aria-describedby=\"woocommerce_loop_add_to_cart_link_describedby_378\" data-quantity=\"1\" class=\"button product_type_variable add_to_cart_button\" data-product_id=\"378\" data-product_sku=\"\" aria-label=\"Elige las opciones para &ldquo;ALEXIA MORENA PROMO&rdquo;\" rel=\"nofollow\">Seleccionar opciones<\/a><\/div>\t<span id=\"woocommerce_loop_add_to_cart_link_describedby_378\" class=\"screen-reader-text\">\n\t\tEste producto tiene m\u00faltiples variantes. Las opciones se pueden elegir en la p\u00e1gina de producto\t<\/span>\n<\/li>\n<li class=\"product type-product post-376 status-publish instock product_cat-bebotes-reales product_cat-grandes-50cm product_cat-juguetes product_cat-oferta has-post-thumbnail shipping-taxable purchasable product-type-variable\">\n\t<a href=\"https:\/\/juguetescs.com\/index.php\/product\/alexia-promo\/\" class=\"woocommerce-LoopProduct-link woocommerce-loop-product__link\"><img loading=\"lazy\" decoding=\"async\" width=\"300\" height=\"300\" src=\"https:\/\/juguetescs.com\/wp-content\/uploads\/2023\/11\/alexia-48cm-y-alexia-promo-48cm-1-300x300.jpeg\" class=\"attachment-woocommerce_thumbnail size-woocommerce_thumbnail\" alt=\"ALEXIA PROMO\" srcset=\"https:\/\/juguetescs.com\/wp-content\/uploads\/2023\/11\/alexia-48cm-y-alexia-promo-48cm-1-300x300.jpeg 300w, https:\/\/juguetescs.com\/wp-content\/uploads\/2023\/11\/alexia-48cm-y-alexia-promo-48cm-1-150x150.jpeg 150w, https:\/\/juguetescs.com\/wp-content\/uploads\/2023\/11\/alexia-48cm-y-alexia-promo-48cm-1-100x100.jpeg 100w\" sizes=\"(max-width: 300px) 100vw, 300px\" \/><h2 class=\"woocommerce-loop-product__title\">ALEXIA PROMO<\/h2>\n\t<span class=\"price\"><span class=\"woocommerce-Price-amount amount\"><bdi><span class=\"woocommerce-Price-currencySymbol\">&#36;<\/span>&nbsp;54.690,00<\/bdi><\/span><\/span>\n<\/a><div class=\"woocommerce-loop-product__buttons\"><a href=\"https:\/\/juguetescs.com\/index.php\/product\/alexia-promo\/\" aria-describedby=\"woocommerce_loop_add_to_cart_link_describedby_376\" data-quantity=\"1\" class=\"button product_type_variable add_to_cart_button\" data-product_id=\"376\" data-product_sku=\"\" aria-label=\"Elige las opciones para &ldquo;ALEXIA PROMO&rdquo;\" rel=\"nofollow\">Seleccionar opciones<\/a><\/div>\t<span id=\"woocommerce_loop_add_to_cart_link_describedby_376\" class=\"screen-reader-text\">\n\t\tEste producto tiene m\u00faltiples variantes. Las opciones se pueden elegir en la p\u00e1gina de producto\t<\/span>\n<\/li>\n<\/ul>\n<\/div>\t\t\t\t<\/div>\n\t\t\t\t<\/div>\n\t\t\t\t\t<\/div>\n\t\t\t\t<\/div>\n\t\t\t\t<\/div>\n\t\t","protected":false},"excerpt":{"rendered":"<p>Haz clic aqu\u00ed Haz clic aqu\u00ed Haz clic aqu\u00ed Haz clic aqu\u00ed<\/p>\n","protected":false},"author":1,"featured_media":0,"parent":0,"menu_order":0,"comment_status":"closed","ping_status":"closed","template":"","meta":{"_joinchat":[],"footnotes":""},"class_list":["post-36","page","type-page","status-publish","hentry"],"_links":{"self":[{"href":"https:\/\/juguetescs.com\/index.php\/wp-json\/wp\/v2\/pages\/36"}],"collection":[{"href":"https:\/\/juguetescs.com\/index.php\/wp-json\/wp\/v2\/pages"}],"about":[{"href":"https:\/\/juguetescs.com\/index.php\/wp-json\/wp\/v2\/types\/page"}],"author":[{"embeddable":true,"href":"https:\/\/juguetescs.com\/index.php\/wp-json\/wp\/v2\/users\/1"}],"replies":[{"embeddable":true,"href":"https:\/\/juguetescs.com\/index.php\/wp-json\/wp\/v2\/comments?post=36"}],"version-history":[{"count":13,"href":"https:\/\/juguetescs.com\/index.php\/wp-json\/wp\/v2\/pages\/36\/revisions"}],"predecessor-version":[{"id":1368,"href":"https:\/\/juguetescs.com\/index.php\/wp-json\/wp\/v2\/pages\/36\/revisions\/1368"}],"wp:attachment":[{"href":"https:\/\/juguetescs.com\/index.php\/wp-json\/wp\/v2\/media?parent=36"}],"curies":[{"name":"wp","href":"https:\/\/api.w.org\/{rel}","templated":true}]}}