{"id":34,"date":"2023-10-22T18:16:41","date_gmt":"2023-10-22T21:16:41","guid":{"rendered":"http:\/\/juguetescs.com\/?page_id=34"},"modified":"2023-11-18T18:19:59","modified_gmt":"2023-11-18T21:19:59","slug":"disfraces","status":"publish","type":"page","link":"https:\/\/juguetescs.com\/index.php\/disfraces\/","title":{"rendered":"DISFRACES"},"content":{"rendered":"\t\t<div data-elementor-type=\"wp-page\" data-elementor-id=\"34\" class=\"elementor elementor-34\" data-elementor-post-type=\"page\">\n\t\t\t\t<div class=\"elementor-element elementor-element-3ed0ee3 e-con-full e-flex e-con e-parent\" data-id=\"3ed0ee3\" data-element_type=\"container\" data-e-type=\"container\">\n\t\t\t\t<div class=\"elementor-element elementor-element-4472d5c elementor-widget elementor-widget-image\" data-id=\"4472d5c\" data-element_type=\"widget\" data-e-type=\"widget\" data-widget_type=\"image.default\">\n\t\t\t\t<div class=\"elementor-widget-container\">\n\t\t\t\t\t\t\t\t\t\t\t\t\t\t\t<img fetchpriority=\"high\" decoding=\"async\" width=\"1500\" height=\"500\" src=\"https:\/\/juguetescs.com\/wp-content\/uploads\/2023\/11\/disfraces.jpg\" class=\"attachment-full size-full wp-image-1362\" alt=\"\" srcset=\"https:\/\/juguetescs.com\/wp-content\/uploads\/2023\/11\/disfraces.jpg 1500w, https:\/\/juguetescs.com\/wp-content\/uploads\/2023\/11\/disfraces-300x100.jpg 300w, https:\/\/juguetescs.com\/wp-content\/uploads\/2023\/11\/disfraces-1024x341.jpg 1024w, https:\/\/juguetescs.com\/wp-content\/uploads\/2023\/11\/disfraces-768x256.jpg 768w, https:\/\/juguetescs.com\/wp-content\/uploads\/2023\/11\/disfraces-600x200.jpg 600w\" sizes=\"(max-width: 1500px) 100vw, 1500px\" \/>\t\t\t\t\t\t\t\t\t\t\t\t\t\t\t<\/div>\n\t\t\t\t<\/div>\n\t\t\t\t<\/div>\n\t\t<div class=\"elementor-element elementor-element-2adda63 elementor-hidden-desktop elementor-hidden-tablet elementor-hidden-mobile e-flex e-con-boxed e-con e-parent\" data-id=\"2adda63\" data-element_type=\"container\" data-e-type=\"container\" data-settings=\"{&quot;background_background&quot;:&quot;classic&quot;}\">\n\t\t\t\t\t<div class=\"e-con-inner\">\n\t\t<div class=\"elementor-element elementor-element-ab9a88b e-con-full e-flex e-con e-child\" data-id=\"ab9a88b\" data-element_type=\"container\" data-e-type=\"container\">\n\t\t\t\t<div class=\"elementor-element elementor-element-8638ae3 elementor-align-justify elementor-widget elementor-widget-button\" data-id=\"8638ae3\" data-element_type=\"widget\" data-e-type=\"widget\" data-widget_type=\"button.default\">\n\t\t\t\t<div class=\"elementor-widget-container\">\n\t\t\t\t\t\t\t\t\t<div class=\"elementor-button-wrapper\">\n\t\t\t\t\t<a class=\"elementor-button elementor-button-link elementor-size-sm\" href=\"#\">\n\t\t\t\t\t\t<span class=\"elementor-button-content-wrapper\">\n\t\t\t\t\t\t\t\t\t<span class=\"elementor-button-text\">Haz clic aqu\u00ed<\/span>\n\t\t\t\t\t<\/span>\n\t\t\t\t\t<\/a>\n\t\t\t\t<\/div>\n\t\t\t\t\t\t\t\t<\/div>\n\t\t\t\t<\/div>\n\t\t\t\t<\/div>\n\t\t<div class=\"elementor-element elementor-element-360e6b6 e-con-full e-flex e-con e-child\" data-id=\"360e6b6\" data-element_type=\"container\" data-e-type=\"container\">\n\t\t\t\t<div class=\"elementor-element elementor-element-16d0008 elementor-align-justify elementor-widget elementor-widget-button\" data-id=\"16d0008\" data-element_type=\"widget\" data-e-type=\"widget\" data-widget_type=\"button.default\">\n\t\t\t\t<div class=\"elementor-widget-container\">\n\t\t\t\t\t\t\t\t\t<div class=\"elementor-button-wrapper\">\n\t\t\t\t\t<a class=\"elementor-button elementor-button-link elementor-size-sm\" href=\"#\">\n\t\t\t\t\t\t<span class=\"elementor-button-content-wrapper\">\n\t\t\t\t\t\t\t\t\t<span class=\"elementor-button-text\">Haz clic aqu\u00ed<\/span>\n\t\t\t\t\t<\/span>\n\t\t\t\t\t<\/a>\n\t\t\t\t<\/div>\n\t\t\t\t\t\t\t\t<\/div>\n\t\t\t\t<\/div>\n\t\t\t\t<\/div>\n\t\t<div class=\"elementor-element elementor-element-070e293 e-con-full e-flex e-con e-child\" data-id=\"070e293\" data-element_type=\"container\" data-e-type=\"container\">\n\t\t\t\t<div class=\"elementor-element elementor-element-0f93722 elementor-align-justify elementor-widget elementor-widget-button\" data-id=\"0f93722\" data-element_type=\"widget\" data-e-type=\"widget\" data-widget_type=\"button.default\">\n\t\t\t\t<div class=\"elementor-widget-container\">\n\t\t\t\t\t\t\t\t\t<div class=\"elementor-button-wrapper\">\n\t\t\t\t\t<a class=\"elementor-button elementor-button-link elementor-size-sm\" href=\"#\">\n\t\t\t\t\t\t<span class=\"elementor-button-content-wrapper\">\n\t\t\t\t\t\t\t\t\t<span class=\"elementor-button-text\">Haz clic aqu\u00ed<\/span>\n\t\t\t\t\t<\/span>\n\t\t\t\t\t<\/a>\n\t\t\t\t<\/div>\n\t\t\t\t\t\t\t\t<\/div>\n\t\t\t\t<\/div>\n\t\t\t\t<\/div>\n\t\t<div class=\"elementor-element elementor-element-2305a82 e-con-full e-flex e-con e-child\" data-id=\"2305a82\" data-element_type=\"container\" data-e-type=\"container\">\n\t\t\t\t<div class=\"elementor-element elementor-element-04b3b75 elementor-align-justify elementor-widget elementor-widget-button\" data-id=\"04b3b75\" data-element_type=\"widget\" data-e-type=\"widget\" data-widget_type=\"button.default\">\n\t\t\t\t<div class=\"elementor-widget-container\">\n\t\t\t\t\t\t\t\t\t<div class=\"elementor-button-wrapper\">\n\t\t\t\t\t<a class=\"elementor-button elementor-button-link elementor-size-sm\" href=\"#\">\n\t\t\t\t\t\t<span class=\"elementor-button-content-wrapper\">\n\t\t\t\t\t\t\t\t\t<span class=\"elementor-button-text\">Haz clic aqu\u00ed<\/span>\n\t\t\t\t\t<\/span>\n\t\t\t\t\t<\/a>\n\t\t\t\t<\/div>\n\t\t\t\t\t\t\t\t<\/div>\n\t\t\t\t<\/div>\n\t\t\t\t<\/div>\n\t\t\t\t\t<\/div>\n\t\t\t\t<\/div>\n\t\t<div class=\"elementor-element elementor-element-c2042b9 e-flex e-con-boxed e-con e-parent\" data-id=\"c2042b9\" data-element_type=\"container\" data-e-type=\"container\" data-settings=\"{&quot;background_background&quot;:&quot;classic&quot;}\">\n\t\t\t\t\t<div class=\"e-con-inner\">\n\t\t\t\t<div class=\"elementor-element elementor-element-5f02f70 elementor-product-loop-item--align-center elementor-grid-4 elementor-grid-tablet-3 elementor-grid-mobile-2 elementor-products-grid elementor-wc-products elementor-show-pagination-border-yes elementor-widget elementor-widget-woocommerce-products\" data-id=\"5f02f70\" data-element_type=\"widget\" data-e-type=\"widget\" data-widget_type=\"woocommerce-products.default\">\n\t\t\t\t<div class=\"elementor-widget-container\">\n\t\t\t\t\t<div class=\"woocommerce columns-4 \"><div class=\"woocommerce-notices-wrapper\"><\/div><ul class=\"products elementor-grid columns-4\">\n<li class=\"product type-product post-2567 status-publish first instock product_cat-disfraces-disney-originales has-post-thumbnail shipping-taxable purchasable product-type-simple\">\n\t<a href=\"https:\/\/juguetescs.com\/index.php\/product\/disfraz-zoey-kpop\/\" class=\"woocommerce-LoopProduct-link woocommerce-loop-product__link\"><img decoding=\"async\" width=\"300\" height=\"300\" src=\"https:\/\/juguetescs.com\/wp-content\/uploads\/2026\/04\/disfraz-zoey-300x300.jpeg\" class=\"attachment-woocommerce_thumbnail size-woocommerce_thumbnail\" alt=\"DISFRAZ ZOEY KPOP\" srcset=\"https:\/\/juguetescs.com\/wp-content\/uploads\/2026\/04\/disfraz-zoey-300x300.jpeg 300w, https:\/\/juguetescs.com\/wp-content\/uploads\/2026\/04\/disfraz-zoey-150x150.jpeg 150w, https:\/\/juguetescs.com\/wp-content\/uploads\/2026\/04\/disfraz-zoey-100x100.jpeg 100w\" sizes=\"(max-width: 300px) 100vw, 300px\" \/><h2 class=\"woocommerce-loop-product__title\">DISFRAZ ZOEY KPOP<\/h2>\n\t<span class=\"price\"><span class=\"woocommerce-Price-amount amount\"><bdi><span class=\"woocommerce-Price-currencySymbol\">&#36;<\/span>&nbsp;45.800,00<\/bdi><\/span><\/span>\n<\/a><div class=\"woocommerce-loop-product__buttons\"><a href=\"?add-to-cart=2567\" aria-describedby=\"woocommerce_loop_add_to_cart_link_describedby_2567\" data-quantity=\"1\" class=\"button product_type_simple add_to_cart_button ajax_add_to_cart\" data-product_id=\"2567\" data-product_sku=\"\" aria-label=\"A\u00f1adir al carrito: &ldquo;DISFRAZ ZOEY KPOP&rdquo;\" rel=\"nofollow\" data-success_message=\"\u00abDISFRAZ ZOEY KPOP\u00bb se ha a\u00f1adido a tu carrito\">A\u00f1adir al carrito<\/a><\/div>\t<span id=\"woocommerce_loop_add_to_cart_link_describedby_2567\" class=\"screen-reader-text\">\n\t\t\t<\/span>\n<\/li>\n<li class=\"product type-product post-2564 status-publish instock product_cat-disfraces-disney-originales has-post-thumbnail shipping-taxable purchasable product-type-simple\">\n\t<a href=\"https:\/\/juguetescs.com\/index.php\/product\/disfraz-rumi-kpop\/\" class=\"woocommerce-LoopProduct-link woocommerce-loop-product__link\"><img decoding=\"async\" width=\"300\" height=\"300\" src=\"https:\/\/juguetescs.com\/wp-content\/uploads\/2026\/04\/disfraz-rumi-300x300.jpeg\" class=\"attachment-woocommerce_thumbnail size-woocommerce_thumbnail\" alt=\"DISFRAZ RUMI KPOP\" srcset=\"https:\/\/juguetescs.com\/wp-content\/uploads\/2026\/04\/disfraz-rumi-300x300.jpeg 300w, https:\/\/juguetescs.com\/wp-content\/uploads\/2026\/04\/disfraz-rumi-150x150.jpeg 150w, https:\/\/juguetescs.com\/wp-content\/uploads\/2026\/04\/disfraz-rumi-100x100.jpeg 100w\" sizes=\"(max-width: 300px) 100vw, 300px\" \/><h2 class=\"woocommerce-loop-product__title\">DISFRAZ RUMI KPOP<\/h2>\n\t<span class=\"price\"><span class=\"woocommerce-Price-amount amount\"><bdi><span class=\"woocommerce-Price-currencySymbol\">&#36;<\/span>&nbsp;45.800,00<\/bdi><\/span><\/span>\n<\/a><div class=\"woocommerce-loop-product__buttons\"><a href=\"?add-to-cart=2564\" aria-describedby=\"woocommerce_loop_add_to_cart_link_describedby_2564\" data-quantity=\"1\" class=\"button product_type_simple add_to_cart_button ajax_add_to_cart\" data-product_id=\"2564\" data-product_sku=\"\" aria-label=\"A\u00f1adir al carrito: &ldquo;DISFRAZ RUMI KPOP&rdquo;\" rel=\"nofollow\" data-success_message=\"\u00abDISFRAZ RUMI KPOP\u00bb se ha a\u00f1adido a tu carrito\">A\u00f1adir al carrito<\/a><\/div>\t<span id=\"woocommerce_loop_add_to_cart_link_describedby_2564\" class=\"screen-reader-text\">\n\t\t\t<\/span>\n<\/li>\n<li class=\"product type-product post-2561 status-publish instock product_cat-disfraces-disney-originales has-post-thumbnail shipping-taxable purchasable product-type-simple\">\n\t<a href=\"https:\/\/juguetescs.com\/index.php\/product\/disfraz-mira-kpop\/\" class=\"woocommerce-LoopProduct-link woocommerce-loop-product__link\"><img loading=\"lazy\" decoding=\"async\" width=\"300\" height=\"300\" src=\"https:\/\/juguetescs.com\/wp-content\/uploads\/2026\/04\/disfraz-mira-300x300.jpeg\" class=\"attachment-woocommerce_thumbnail size-woocommerce_thumbnail\" alt=\"DISFRAZ MIRA KPOP\" srcset=\"https:\/\/juguetescs.com\/wp-content\/uploads\/2026\/04\/disfraz-mira-300x300.jpeg 300w, https:\/\/juguetescs.com\/wp-content\/uploads\/2026\/04\/disfraz-mira-150x150.jpeg 150w, https:\/\/juguetescs.com\/wp-content\/uploads\/2026\/04\/disfraz-mira-100x100.jpeg 100w\" sizes=\"(max-width: 300px) 100vw, 300px\" \/><h2 class=\"woocommerce-loop-product__title\">DISFRAZ MIRA KPOP<\/h2>\n\t<span class=\"price\"><span class=\"woocommerce-Price-amount amount\"><bdi><span class=\"woocommerce-Price-currencySymbol\">&#36;<\/span>&nbsp;45.800,00<\/bdi><\/span><\/span>\n<\/a><div class=\"woocommerce-loop-product__buttons\"><a href=\"?add-to-cart=2561\" aria-describedby=\"woocommerce_loop_add_to_cart_link_describedby_2561\" data-quantity=\"1\" class=\"button product_type_simple add_to_cart_button ajax_add_to_cart\" data-product_id=\"2561\" data-product_sku=\"\" aria-label=\"A\u00f1adir al carrito: &ldquo;DISFRAZ MIRA KPOP&rdquo;\" rel=\"nofollow\" data-success_message=\"\u00abDISFRAZ MIRA KPOP\u00bb se ha a\u00f1adido a tu carrito\">A\u00f1adir al carrito<\/a><\/div>\t<span id=\"woocommerce_loop_add_to_cart_link_describedby_2561\" class=\"screen-reader-text\">\n\t\t\t<\/span>\n<\/li>\n<li class=\"product type-product post-471 status-publish last instock product_cat-disfraces product_cat-disfraces-con-musculos has-post-thumbnail shipping-taxable purchasable product-type-variable\">\n\t<a href=\"https:\/\/juguetescs.com\/index.php\/product\/disfraz-capitan-america\/\" class=\"woocommerce-LoopProduct-link woocommerce-loop-product__link\"><img loading=\"lazy\" decoding=\"async\" width=\"300\" height=\"300\" src=\"https:\/\/juguetescs.com\/wp-content\/uploads\/2023\/11\/CAPITAN-AMERICA-MUSCULO-300x300.webp\" class=\"attachment-woocommerce_thumbnail size-woocommerce_thumbnail\" alt=\"DISFRAZ CAPITAN AMERICA\" srcset=\"https:\/\/juguetescs.com\/wp-content\/uploads\/2023\/11\/CAPITAN-AMERICA-MUSCULO-300x300.webp 300w, https:\/\/juguetescs.com\/wp-content\/uploads\/2023\/11\/CAPITAN-AMERICA-MUSCULO-150x150.webp 150w, https:\/\/juguetescs.com\/wp-content\/uploads\/2023\/11\/CAPITAN-AMERICA-MUSCULO-100x100.webp 100w\" sizes=\"(max-width: 300px) 100vw, 300px\" \/><h2 class=\"woocommerce-loop-product__title\">DISFRAZ CAPITAN AMERICA<\/h2>\n\t<span class=\"price\"><span class=\"woocommerce-Price-amount amount\"><bdi><span class=\"woocommerce-Price-currencySymbol\">&#36;<\/span>&nbsp;53.900,00<\/bdi><\/span><\/span>\n<\/a><div class=\"woocommerce-loop-product__buttons\"><a href=\"https:\/\/juguetescs.com\/index.php\/product\/disfraz-capitan-america\/\" aria-describedby=\"woocommerce_loop_add_to_cart_link_describedby_471\" data-quantity=\"1\" class=\"button product_type_variable add_to_cart_button\" data-product_id=\"471\" data-product_sku=\"\" aria-label=\"Elige las opciones para &ldquo;DISFRAZ CAPITAN AMERICA&rdquo;\" rel=\"nofollow\">Seleccionar opciones<\/a><\/div>\t<span id=\"woocommerce_loop_add_to_cart_link_describedby_471\" class=\"screen-reader-text\">\n\t\tEste producto tiene m\u00faltiples variantes. Las opciones se pueden elegir en la p\u00e1gina de producto\t<\/span>\n<\/li>\n<li class=\"product type-product post-467 status-publish first instock product_cat-disfraces product_cat-disfraces-con-musculos has-post-thumbnail shipping-taxable purchasable product-type-variable\">\n\t<a href=\"https:\/\/juguetescs.com\/index.php\/product\/disfraz-iroman\/\" class=\"woocommerce-LoopProduct-link woocommerce-loop-product__link\"><img loading=\"lazy\" decoding=\"async\" width=\"300\" height=\"300\" src=\"https:\/\/juguetescs.com\/wp-content\/uploads\/2023\/11\/DISFRAZ-MUSCULO-IROMAN-300x300.webp\" class=\"attachment-woocommerce_thumbnail size-woocommerce_thumbnail\" alt=\"DISFRAZ IROMAN\" srcset=\"https:\/\/juguetescs.com\/wp-content\/uploads\/2023\/11\/DISFRAZ-MUSCULO-IROMAN-300x300.webp 300w, https:\/\/juguetescs.com\/wp-content\/uploads\/2023\/11\/DISFRAZ-MUSCULO-IROMAN-150x150.webp 150w, https:\/\/juguetescs.com\/wp-content\/uploads\/2023\/11\/DISFRAZ-MUSCULO-IROMAN-100x100.webp 100w\" sizes=\"(max-width: 300px) 100vw, 300px\" \/><h2 class=\"woocommerce-loop-product__title\">DISFRAZ IROMAN<\/h2>\n\t<span class=\"price\"><span class=\"woocommerce-Price-amount amount\"><bdi><span class=\"woocommerce-Price-currencySymbol\">&#36;<\/span>&nbsp;53.900,00<\/bdi><\/span><\/span>\n<\/a><div class=\"woocommerce-loop-product__buttons\"><a href=\"https:\/\/juguetescs.com\/index.php\/product\/disfraz-iroman\/\" aria-describedby=\"woocommerce_loop_add_to_cart_link_describedby_467\" data-quantity=\"1\" class=\"button product_type_variable add_to_cart_button\" data-product_id=\"467\" data-product_sku=\"\" aria-label=\"Elige las opciones para &ldquo;DISFRAZ IROMAN&rdquo;\" rel=\"nofollow\">Seleccionar opciones<\/a><\/div>\t<span id=\"woocommerce_loop_add_to_cart_link_describedby_467\" class=\"screen-reader-text\">\n\t\tEste producto tiene m\u00faltiples variantes. Las opciones se pueden elegir en la p\u00e1gina de producto\t<\/span>\n<\/li>\n<li class=\"product type-product post-463 status-publish instock product_cat-disfraces product_cat-disfraces-con-musculos has-post-thumbnail shipping-taxable purchasable product-type-variable\">\n\t<a href=\"https:\/\/juguetescs.com\/index.php\/product\/disfraz-hulk\/\" class=\"woocommerce-LoopProduct-link woocommerce-loop-product__link\"><img loading=\"lazy\" decoding=\"async\" width=\"300\" height=\"300\" src=\"https:\/\/juguetescs.com\/wp-content\/uploads\/2023\/11\/DISFRAZ-MUSCULO-HULK-300x300.webp\" class=\"attachment-woocommerce_thumbnail size-woocommerce_thumbnail\" alt=\"DISFRAZ HULK\" srcset=\"https:\/\/juguetescs.com\/wp-content\/uploads\/2023\/11\/DISFRAZ-MUSCULO-HULK-300x300.webp 300w, https:\/\/juguetescs.com\/wp-content\/uploads\/2023\/11\/DISFRAZ-MUSCULO-HULK-150x150.webp 150w, https:\/\/juguetescs.com\/wp-content\/uploads\/2023\/11\/DISFRAZ-MUSCULO-HULK-100x100.webp 100w\" sizes=\"(max-width: 300px) 100vw, 300px\" \/><h2 class=\"woocommerce-loop-product__title\">DISFRAZ HULK<\/h2>\n\t<span class=\"price\"><span class=\"woocommerce-Price-amount amount\"><bdi><span class=\"woocommerce-Price-currencySymbol\">&#36;<\/span>&nbsp;53.900,00<\/bdi><\/span><\/span>\n<\/a><div class=\"woocommerce-loop-product__buttons\"><a href=\"https:\/\/juguetescs.com\/index.php\/product\/disfraz-hulk\/\" aria-describedby=\"woocommerce_loop_add_to_cart_link_describedby_463\" data-quantity=\"1\" class=\"button product_type_variable add_to_cart_button\" data-product_id=\"463\" data-product_sku=\"\" aria-label=\"Elige las opciones para &ldquo;DISFRAZ HULK&rdquo;\" rel=\"nofollow\">Seleccionar opciones<\/a><\/div>\t<span id=\"woocommerce_loop_add_to_cart_link_describedby_463\" class=\"screen-reader-text\">\n\t\tEste producto tiene m\u00faltiples variantes. Las opciones se pueden elegir en la p\u00e1gina de producto\t<\/span>\n<\/li>\n<li class=\"product type-product post-459 status-publish instock product_cat-disfraces product_cat-disfraces-con-musculos has-post-thumbnail shipping-taxable purchasable product-type-variable\">\n\t<a href=\"https:\/\/juguetescs.com\/index.php\/product\/disfraz-thor\/\" class=\"woocommerce-LoopProduct-link woocommerce-loop-product__link\"><img loading=\"lazy\" decoding=\"async\" width=\"300\" height=\"300\" src=\"https:\/\/juguetescs.com\/wp-content\/uploads\/2023\/11\/DISFRAZ-MUSCULO-THOR-300x300.webp\" class=\"attachment-woocommerce_thumbnail size-woocommerce_thumbnail\" alt=\"DISFRAZ THOR\" srcset=\"https:\/\/juguetescs.com\/wp-content\/uploads\/2023\/11\/DISFRAZ-MUSCULO-THOR-300x300.webp 300w, https:\/\/juguetescs.com\/wp-content\/uploads\/2023\/11\/DISFRAZ-MUSCULO-THOR-150x150.webp 150w, https:\/\/juguetescs.com\/wp-content\/uploads\/2023\/11\/DISFRAZ-MUSCULO-THOR-100x100.webp 100w\" sizes=\"(max-width: 300px) 100vw, 300px\" \/><h2 class=\"woocommerce-loop-product__title\">DISFRAZ THOR<\/h2>\n\t<span class=\"price\"><span class=\"woocommerce-Price-amount amount\"><bdi><span class=\"woocommerce-Price-currencySymbol\">&#36;<\/span>&nbsp;53.900,00<\/bdi><\/span><\/span>\n<\/a><div class=\"woocommerce-loop-product__buttons\"><a href=\"https:\/\/juguetescs.com\/index.php\/product\/disfraz-thor\/\" aria-describedby=\"woocommerce_loop_add_to_cart_link_describedby_459\" data-quantity=\"1\" class=\"button product_type_variable add_to_cart_button\" data-product_id=\"459\" data-product_sku=\"\" aria-label=\"Elige las opciones para &ldquo;DISFRAZ THOR&rdquo;\" rel=\"nofollow\">Seleccionar opciones<\/a><\/div>\t<span id=\"woocommerce_loop_add_to_cart_link_describedby_459\" class=\"screen-reader-text\">\n\t\tEste producto tiene m\u00faltiples variantes. Las opciones se pueden elegir en la p\u00e1gina de producto\t<\/span>\n<\/li>\n<li class=\"product type-product post-455 status-publish last instock product_cat-disfraces product_cat-disfraces-con-musculos has-post-thumbnail shipping-taxable purchasable product-type-variable\">\n\t<a href=\"https:\/\/juguetescs.com\/index.php\/product\/disfraz-spiderman-negro\/\" class=\"woocommerce-LoopProduct-link woocommerce-loop-product__link\"><img loading=\"lazy\" decoding=\"async\" width=\"300\" height=\"300\" src=\"https:\/\/juguetescs.com\/wp-content\/uploads\/2023\/11\/SPIDERMAN-NEGRO-MUSCULO-300x300.webp\" class=\"attachment-woocommerce_thumbnail size-woocommerce_thumbnail\" alt=\"DISFRAZ SPIDERMAN NEGRO\" srcset=\"https:\/\/juguetescs.com\/wp-content\/uploads\/2023\/11\/SPIDERMAN-NEGRO-MUSCULO-300x300.webp 300w, https:\/\/juguetescs.com\/wp-content\/uploads\/2023\/11\/SPIDERMAN-NEGRO-MUSCULO-150x150.webp 150w, https:\/\/juguetescs.com\/wp-content\/uploads\/2023\/11\/SPIDERMAN-NEGRO-MUSCULO-100x100.webp 100w\" sizes=\"(max-width: 300px) 100vw, 300px\" \/><h2 class=\"woocommerce-loop-product__title\">DISFRAZ SPIDERMAN NEGRO<\/h2>\n\t<span class=\"price\"><span class=\"woocommerce-Price-amount amount\"><bdi><span class=\"woocommerce-Price-currencySymbol\">&#36;<\/span>&nbsp;53.900,00<\/bdi><\/span><\/span>\n<\/a><div class=\"woocommerce-loop-product__buttons\"><a href=\"https:\/\/juguetescs.com\/index.php\/product\/disfraz-spiderman-negro\/\" aria-describedby=\"woocommerce_loop_add_to_cart_link_describedby_455\" data-quantity=\"1\" class=\"button product_type_variable add_to_cart_button\" data-product_id=\"455\" data-product_sku=\"\" aria-label=\"Elige las opciones para &ldquo;DISFRAZ SPIDERMAN NEGRO&rdquo;\" rel=\"nofollow\">Seleccionar opciones<\/a><\/div>\t<span id=\"woocommerce_loop_add_to_cart_link_describedby_455\" class=\"screen-reader-text\">\n\t\tEste producto tiene m\u00faltiples variantes. Las opciones se pueden elegir en la p\u00e1gina de producto\t<\/span>\n<\/li>\n<li class=\"product type-product post-445 status-publish first instock product_cat-disfraces product_cat-disfraces-con-musculos has-post-thumbnail shipping-taxable purchasable product-type-variable\">\n\t<a href=\"https:\/\/juguetescs.com\/index.php\/product\/disfraz-spiderman\/\" class=\"woocommerce-LoopProduct-link woocommerce-loop-product__link\"><img loading=\"lazy\" decoding=\"async\" width=\"300\" height=\"300\" src=\"https:\/\/juguetescs.com\/wp-content\/uploads\/2023\/11\/SPIDERMAN-ROJO-MUSCULO-300x300.webp\" class=\"attachment-woocommerce_thumbnail size-woocommerce_thumbnail\" alt=\"DISFRAZ SPIDERMAN\" srcset=\"https:\/\/juguetescs.com\/wp-content\/uploads\/2023\/11\/SPIDERMAN-ROJO-MUSCULO-300x300.webp 300w, https:\/\/juguetescs.com\/wp-content\/uploads\/2023\/11\/SPIDERMAN-ROJO-MUSCULO-150x150.webp 150w, https:\/\/juguetescs.com\/wp-content\/uploads\/2023\/11\/SPIDERMAN-ROJO-MUSCULO-100x100.webp 100w\" sizes=\"(max-width: 300px) 100vw, 300px\" \/><h2 class=\"woocommerce-loop-product__title\">DISFRAZ SPIDERMAN<\/h2>\n\t<span class=\"price\"><span class=\"woocommerce-Price-amount amount\"><bdi><span class=\"woocommerce-Price-currencySymbol\">&#36;<\/span>&nbsp;53.900,00<\/bdi><\/span><\/span>\n<\/a><div class=\"woocommerce-loop-product__buttons\"><a href=\"https:\/\/juguetescs.com\/index.php\/product\/disfraz-spiderman\/\" aria-describedby=\"woocommerce_loop_add_to_cart_link_describedby_445\" data-quantity=\"1\" class=\"button product_type_variable add_to_cart_button\" data-product_id=\"445\" data-product_sku=\"\" aria-label=\"Elige las opciones para &ldquo;DISFRAZ SPIDERMAN&rdquo;\" rel=\"nofollow\">Seleccionar opciones<\/a><\/div>\t<span id=\"woocommerce_loop_add_to_cart_link_describedby_445\" class=\"screen-reader-text\">\n\t\tEste producto tiene m\u00faltiples variantes. Las opciones se pueden elegir en la p\u00e1gina de producto\t<\/span>\n<\/li>\n<\/ul>\n<\/div>\t\t\t\t<\/div>\n\t\t\t\t<\/div>\n\t\t\t\t\t<\/div>\n\t\t\t\t<\/div>\n\t\t\t\t<\/div>\n\t\t","protected":false},"excerpt":{"rendered":"<p>Haz clic aqu\u00ed Haz clic aqu\u00ed Haz clic aqu\u00ed Haz clic aqu\u00ed<\/p>\n","protected":false},"author":1,"featured_media":0,"parent":0,"menu_order":0,"comment_status":"closed","ping_status":"closed","template":"","meta":{"_joinchat":[],"footnotes":""},"class_list":["post-34","page","type-page","status-publish","hentry"],"_links":{"self":[{"href":"https:\/\/juguetescs.com\/index.php\/wp-json\/wp\/v2\/pages\/34"}],"collection":[{"href":"https:\/\/juguetescs.com\/index.php\/wp-json\/wp\/v2\/pages"}],"about":[{"href":"https:\/\/juguetescs.com\/index.php\/wp-json\/wp\/v2\/types\/page"}],"author":[{"embeddable":true,"href":"https:\/\/juguetescs.com\/index.php\/wp-json\/wp\/v2\/users\/1"}],"replies":[{"embeddable":true,"href":"https:\/\/juguetescs.com\/index.php\/wp-json\/wp\/v2\/comments?post=34"}],"version-history":[{"count":38,"href":"https:\/\/juguetescs.com\/index.php\/wp-json\/wp\/v2\/pages\/34\/revisions"}],"predecessor-version":[{"id":1365,"href":"https:\/\/juguetescs.com\/index.php\/wp-json\/wp\/v2\/pages\/34\/revisions\/1365"}],"wp:attachment":[{"href":"https:\/\/juguetescs.com\/index.php\/wp-json\/wp\/v2\/media?parent=34"}],"curies":[{"name":"wp","href":"https:\/\/api.w.org\/{rel}","templated":true}]}}