{"id":300,"date":"2023-11-07T15:32:51","date_gmt":"2023-11-07T18:32:51","guid":{"rendered":"https:\/\/juguetescs.com\/?page_id=300"},"modified":"2023-11-16T11:58:33","modified_gmt":"2023-11-16T14:58:33","slug":"mi-cuenta","status":"publish","type":"page","link":"https:\/\/juguetescs.com\/index.php\/mi-cuenta\/","title":{"rendered":"MI CUENTA"},"content":{"rendered":"\t\t<div data-elementor-type=\"wp-page\" data-elementor-id=\"300\" class=\"elementor elementor-300\" data-elementor-post-type=\"page\">\n\t\t\t\t<div class=\"elementor-element elementor-element-02fd2a1 e-flex e-con-boxed e-con e-parent\" data-id=\"02fd2a1\" data-element_type=\"container\" data-e-type=\"container\">\n\t\t\t\t\t<div class=\"e-con-inner\">\n\t\t\t\t<div class=\"elementor-element elementor-element-99999eb e-my-account-tabs-horizontal elementor-widget elementor-widget-woocommerce-my-account\" data-id=\"99999eb\" data-element_type=\"widget\" data-e-type=\"widget\" data-widget_type=\"woocommerce-my-account.default\">\n\t\t\t\t<div class=\"elementor-widget-container\">\n\t\t\t\t\t<div class=\"e-my-account-tab e-my-account-tab__ \">\t\t\t<div class=\"woocommerce\"><\/div>\t\t<\/div>\n\t\t\t\t\t\t<\/div>\n\t\t\t\t<\/div>\n\t\t\t\t\t<\/div>\n\t\t\t\t<\/div>\n\t\t\t\t<\/div>\n\t\t","protected":false},"excerpt":{"rendered":"<p>Panel Principal Ordenes Descargas Direcciones Detalles de cuenta Logout Panel Principal Ordenes Descargas Direcciones Detalles de cuenta Logout Hola testingfacu.shop (\u00bfno sos testingfacu.shop? Cerrar sesi\u00f3n) Desde el panel de control de tu cuenta pod\u00e9s ver tus pedidos recientes, gestionar tus direcciones de env\u00edo y facturaci\u00f3n y editar tu contrase\u00f1a y los detalles de tu cuenta.<\/p>\n","protected":false},"author":1,"featured_media":0,"parent":0,"menu_order":0,"comment_status":"closed","ping_status":"closed","template":"","meta":{"_joinchat":[],"footnotes":""},"class_list":["post-300","page","type-page","status-publish","hentry"],"_links":{"self":[{"href":"https:\/\/juguetescs.com\/index.php\/wp-json\/wp\/v2\/pages\/300"}],"collection":[{"href":"https:\/\/juguetescs.com\/index.php\/wp-json\/wp\/v2\/pages"}],"about":[{"href":"https:\/\/juguetescs.com\/index.php\/wp-json\/wp\/v2\/types\/page"}],"author":[{"embeddable":true,"href":"https:\/\/juguetescs.com\/index.php\/wp-json\/wp\/v2\/users\/1"}],"replies":[{"embeddable":true,"href":"https:\/\/juguetescs.com\/index.php\/wp-json\/wp\/v2\/comments?post=300"}],"version-history":[{"count":14,"href":"https:\/\/juguetescs.com\/index.php\/wp-json\/wp\/v2\/pages\/300\/revisions"}],"predecessor-version":[{"id":943,"href":"https:\/\/juguetescs.com\/index.php\/wp-json\/wp\/v2\/pages\/300\/revisions\/943"}],"wp:attachment":[{"href":"https:\/\/juguetescs.com\/index.php\/wp-json\/wp\/v2\/media?parent=300"}],"curies":[{"name":"wp","href":"https:\/\/api.w.org\/{rel}","templated":true}]}}